{"id":390,"date":"2019-05-10T18:30:59","date_gmt":"2019-05-10T16:30:59","guid":{"rendered":"http:\/\/baumschule-bauer.at\/wordpress\/gartenbauer\/?page_id=390"},"modified":"2021-11-07T20:14:16","modified_gmt":"2021-11-07T19:14:16","slug":"oeffnungszeiten","status":"publish","type":"page","link":"https:\/\/gartenbauer.baumschule-bauer.at\/?page_id=390","title":{"rendered":"\u00d6ffnungszeiten"},"content":{"rendered":"\n<table class=\"wp-block-table aligncenter is-style-stripes styled-block-rukq\"><tbody><tr><td><strong>J\u00e4nner<\/strong><\/td><td>sind wir telefonisch f\u00fcr Sie erreichbar.<\/td><\/tr><tr><td><strong>Februar<\/strong><\/td><td> sind wir telefonisch f\u00fcr Sie erreichbar. <\/td><\/tr><tr><td><strong><br>M\u00e4rz<br>April<br>Mai<\/strong><\/td><td>Montag bis Freitag <br>07:30 bis 18:00 Uhr<br><br>Samstag<br>08:00 bis 15:00 Uhr<\/td><\/tr><tr><td><br><br><strong>Juni<\/strong><\/td><td>Montag bis Freitag <br>07:30 bis 12:00 Uhr und 13:00 bis 18:00 Uhr<br><br>Samstag<br>08:00 bis 12:00 Uhr und 13:00 bis 15:00 Uhr <\/td><\/tr><tr><td><br><strong>Juli<br>August<\/strong><\/td><td>Montag bis Freitag <br>07:30 bis 12:00 Uhr und 13:00 bis 18:00 Uhr<br><br>Samstag<br>08:00 bis 12:00 Uhr<\/td><\/tr><tr><td><br><strong>September<br>Oktober<\/strong><\/td><td>Montag bis Freitag <br>07:30 bis 12:00 Uhr und 13:00 bis 18:00 Uhr<br><br>Samstag<br>08:00 bis 12:00 Uhr und 13:00 bis 15:00 Uhr  <\/td><\/tr><tr><td><br><strong>November<br>bis 7. Dezember<\/strong><\/td><td>Montag bis Freitag <br>07:30 bis 12:00 Uhr und 13:00 bis 17:00 Uhr<br><br>Samstag<br>08:00 bis 12:00 Uhr   <\/td><\/tr><tr><td><strong>8. bis 24. Dezember<br>(Christbaumverkauf)<\/strong><\/td><td>T\u00e4glich (Montag bis Sonntag)<br>08:00 bis 17:00 Uhr<\/td><\/tr><\/tbody><\/table>\n","protected":false},"excerpt":{"rendered":"<p>J\u00e4nner sind wir telefonisch f\u00fcr Sie erreichbar. Februar sind wir telefonisch f\u00fcr Sie erreichbar. M\u00e4rzAprilMai Montag bis Freitag 07:30 bis 18:00 Uhr Samstag08:00 bis 15:00&hellip;<\/p>\n","protected":false},"author":1,"featured_media":0,"parent":0,"menu_order":0,"comment_status":"closed","ping_status":"closed","template":"","meta":{"ngg_post_thumbnail":0,"footnotes":""},"class_list":["post-390","page","type-page","status-publish","hentry"],"_links":{"self":[{"href":"https:\/\/gartenbauer.baumschule-bauer.at\/index.php?rest_route=\/wp\/v2\/pages\/390","targetHints":{"allow":["GET"]}}],"collection":[{"href":"https:\/\/gartenbauer.baumschule-bauer.at\/index.php?rest_route=\/wp\/v2\/pages"}],"about":[{"href":"https:\/\/gartenbauer.baumschule-bauer.at\/index.php?rest_route=\/wp\/v2\/types\/page"}],"author":[{"embeddable":true,"href":"https:\/\/gartenbauer.baumschule-bauer.at\/index.php?rest_route=\/wp\/v2\/users\/1"}],"replies":[{"embeddable":true,"href":"https:\/\/gartenbauer.baumschule-bauer.at\/index.php?rest_route=%2Fwp%2Fv2%2Fcomments&post=390"}],"version-history":[{"count":11,"href":"https:\/\/gartenbauer.baumschule-bauer.at\/index.php?rest_route=\/wp\/v2\/pages\/390\/revisions"}],"predecessor-version":[{"id":493,"href":"https:\/\/gartenbauer.baumschule-bauer.at\/index.php?rest_route=\/wp\/v2\/pages\/390\/revisions\/493"}],"wp:attachment":[{"href":"https:\/\/gartenbauer.baumschule-bauer.at\/index.php?rest_route=%2Fwp%2Fv2%2Fmedia&parent=390"}],"curies":[{"name":"wp","href":"https:\/\/api.w.org\/{rel}","templated":true}]}}