{"id":423,"date":"2019-05-18T19:03:27","date_gmt":"2019-05-18T17:03:27","guid":{"rendered":"http:\/\/baumschule-bauer.at\/wordpress\/gartenbauer\/?page_id=423"},"modified":"2019-05-28T10:38:50","modified_gmt":"2019-05-28T08:38:50","slug":"wir-produzieren","status":"publish","type":"page","link":"https:\/\/gartenbauer.baumschule-bauer.at\/?page_id=423","title":{"rendered":"Dienstleistungen"},"content":{"rendered":"\n<ul class=\"wp-block-list\"><li>Lieferung der Pflanzeneink\u00e4ufe zum Selbstkostenpreis<\/li><li>Fachberatung vor Ort \u2013 in Ihrem Garten<\/li><li>chemische Wurzelunkrautbek\u00e4mpfung zur Pflanzvorbereitung<\/li><li>fachgerechte Pflanzungen<\/li><li>Mulcharbeiten<\/li><li>Naturd\u00fcngerberatung<\/li><li>Rasenneuanlagen<\/li><li>Regeneration von Rasenfl\u00e4chen<\/li><li>Rasend\u00fcngung<\/li><li>Verlegung von Fertigrasen<\/li><li>Pflegearbeiten<\/li><li>Schnittarbeiten (samt \u00dcbernahme und Abtransport des Schnittmaterials)<\/li><li>Wurzelst\u00f6cke ausfr\u00e4sen<\/li><\/ul>\n","protected":false},"excerpt":{"rendered":"<p>Lieferung der Pflanzeneink\u00e4ufe zum Selbstkostenpreis Fachberatung vor Ort \u2013 in Ihrem Garten chemische Wurzelunkrautbek\u00e4mpfung zur Pflanzvorbereitung fachgerechte Pflanzungen Mulcharbeiten Naturd\u00fcngerberatung Rasenneuanlagen Regeneration von Rasenfl\u00e4chen Rasend\u00fcngung&hellip;<\/p>\n","protected":false},"author":1,"featured_media":0,"parent":0,"menu_order":0,"comment_status":"closed","ping_status":"closed","template":"","meta":{"ngg_post_thumbnail":0,"footnotes":""},"class_list":["post-423","page","type-page","status-publish","hentry"],"_links":{"self":[{"href":"https:\/\/gartenbauer.baumschule-bauer.at\/index.php?rest_route=\/wp\/v2\/pages\/423","targetHints":{"allow":["GET"]}}],"collection":[{"href":"https:\/\/gartenbauer.baumschule-bauer.at\/index.php?rest_route=\/wp\/v2\/pages"}],"about":[{"href":"https:\/\/gartenbauer.baumschule-bauer.at\/index.php?rest_route=\/wp\/v2\/types\/page"}],"author":[{"embeddable":true,"href":"https:\/\/gartenbauer.baumschule-bauer.at\/index.php?rest_route=\/wp\/v2\/users\/1"}],"replies":[{"embeddable":true,"href":"https:\/\/gartenbauer.baumschule-bauer.at\/index.php?rest_route=%2Fwp%2Fv2%2Fcomments&post=423"}],"version-history":[{"count":5,"href":"https:\/\/gartenbauer.baumschule-bauer.at\/index.php?rest_route=\/wp\/v2\/pages\/423\/revisions"}],"predecessor-version":[{"id":452,"href":"https:\/\/gartenbauer.baumschule-bauer.at\/index.php?rest_route=\/wp\/v2\/pages\/423\/revisions\/452"}],"wp:attachment":[{"href":"https:\/\/gartenbauer.baumschule-bauer.at\/index.php?rest_route=%2Fwp%2Fv2%2Fmedia&parent=423"}],"curies":[{"name":"wp","href":"https:\/\/api.w.org\/{rel}","templated":true}]}}