{"id":84,"date":"2018-05-11T11:27:41","date_gmt":"2018-05-11T11:27:41","guid":{"rendered":"http:\/\/baumschule-bauer.at\/wordpress\/gartenbauer\/?page_id=84"},"modified":"2019-05-12T22:39:04","modified_gmt":"2019-05-12T20:39:04","slug":"home","status":"publish","type":"page","link":"https:\/\/gartenbauer.baumschule-bauer.at\/","title":{"rendered":"Willkommen"},"content":{"rendered":"\n<div class=\"cff-wrapper\"><div class=\"cff-wrapper-ctn \" ><div id=\"cff\"  class=\"cff cff-list-container  cff-default-styles  cff-mob-cols-1 cff-tab-cols-1\"   style=\"width:100%;\"   data-char=\"400\" ><div class=\"cff-posts-wrap\"><div id=\"cff_301294526568551_1556861409783243\" class=\"cff-item cff-status-post cff-album author-waldviertler-baumschule-bauer\" >\n\t<div class=\"cff-author\">\n\t<div class=\"cff-author-text\">\n\t\t\t\t\t<div class=\"cff-page-name cff-author-date\" >\n\t\t\t\t<a href=\"https:\/\/facebook.com\/301294526568551\" target=\"_blank\" rel=\"nofollow noopener\" >Waldviertler Baumschule Bauer<\/a>\n\t\t\t\t<span class=\"cff-story\"> <\/span>\n\t\t\t<\/div>\n\t\t\t\n<p class=\"cff-date\" > 1 week ago <\/p>\n\t\t\t<\/div>\n\t<div class=\"cff-author-img \" data-avatar=\"https:\/\/scontent-fra5-1.xx.fbcdn.net\/v\/t39.30808-1\/461928334_8733168650047721_693744151811591105_n.jpg?stp=c256.0.1536.1536a_cp0_dst-jpg_s50x50_tt6&#038;_nc_cat=100&#038;ccb=1-7&#038;_nc_sid=f907e8&#038;_nc_ohc=i1_NSganJ2gQ7kNvwFu1qzj&#038;_nc_oc=AdpEk6a9dAk_kn-2gFaA6PWlQtYwm7DfbrdVvAyfTJ1PdUYttWTU25B_yD8gwsoJsNI&#038;_nc_zt=24&#038;_nc_ht=scontent-fra5-1.xx&#038;edm=AKIiGfEEAAAA&#038;_nc_gid=tCm55cOO_LdKbJV8oI3njg&#038;_nc_tpa=Q5bMBQGpX8KgVt4ZDtSRQgbEiSnf7pOnGP0x3wznjRNXNC3jfOzUx4-0p97Au5HM2HfsYU2nXD_RAsEWHw&#038;oh=00_Af1wTNhkEYIQjsJ9j2wOG6kUoOyP-aF5vj0SaWucld8QTg&#038;oe=69E7DA82\">\n\t\t<a href=\"https:\/\/facebook.com\/301294526568551\" target=\"_blank\" rel=\"nofollow noopener\" ><img decoding=\"async\" src=\"https:\/\/scontent-fra5-1.xx.fbcdn.net\/v\/t39.30808-1\/461928334_8733168650047721_693744151811591105_n.jpg?stp=c256.0.1536.1536a_cp0_dst-jpg_s50x50_tt6&#038;_nc_cat=100&#038;ccb=1-7&#038;_nc_sid=f907e8&#038;_nc_ohc=i1_NSganJ2gQ7kNvwFu1qzj&#038;_nc_oc=AdpEk6a9dAk_kn-2gFaA6PWlQtYwm7DfbrdVvAyfTJ1PdUYttWTU25B_yD8gwsoJsNI&#038;_nc_zt=24&#038;_nc_ht=scontent-fra5-1.xx&#038;edm=AKIiGfEEAAAA&#038;_nc_gid=tCm55cOO_LdKbJV8oI3njg&#038;_nc_tpa=Q5bMBQGpX8KgVt4ZDtSRQgbEiSnf7pOnGP0x3wznjRNXNC3jfOzUx4-0p97Au5HM2HfsYU2nXD_RAsEWHw&#038;oh=00_Af1wTNhkEYIQjsJ9j2wOG6kUoOyP-aF5vj0SaWucld8QTg&#038;oe=69E7DA82\" title=\"Waldviertler Baumschule Bauer\" alt=\"Waldviertler Baumschule Bauer\" width=40 height=40 onerror=\"this.style.display='none'\"><\/a>\n\t<\/div>\n<\/div>\n\n<div class=\"cff-post-text\" >\n\t<span class=\"cff-text\" data-color=\"\">\n\t\tJetzt im Fr\u00fchling ist der ideale Zeitpunkt um eine Hecke zu pflanzen! \ud83c\udf31\ud83e\ude93<img class=\"cff-linebreak\" \/>Produziert bei uns in der Baumschule!<img class=\"cff-linebreak\" \/>Eiben, Smaragd- und Heckenthujen, Hainbuchen, ... in verschiedenen Gr\u00f6\u00dfen zu tollen Aktionspreisen bei uns erh\u00e4ltlich.  Infos unter 02843\/2387\t\t\t<\/span>\n\t<span class=\"cff-expand\">... <a href=\"#\" style=\"color: #\"><span class=\"cff-more\">See More<\/span><span class=\"cff-less\">See Less<\/span><\/a><\/span>\n\n<\/div>\n\n<p class=\"cff-media-link\">\n\t<a href=\"https:\/\/www.facebook.com\/135868195215912\/posts\/1556861409783243\" target=\"_blank\" style=\"color: #\">\n\t\t<span style=\"padding-right: 5px;\" class=\"fa fas fa-picture-o fa-image\"><\/span>Photo\t<\/a>\n<\/p>\n\t<div class=\"cff-post-links\">\n\t\t\t\t\t<a class=\"cff-viewpost-facebook\" href=\"https:\/\/www.facebook.com\/135868195215912\/posts\/1556861409783243\" title=\"View on Facebook\" target=\"_blank\" rel=\"nofollow noopener\" >View on Facebook<\/a>\n\t\t\t\t\t\t\t<div class=\"cff-share-container\">\n\t\t\t\t\t\t\t\t\t<span class=\"cff-dot\" >&middot;<\/span>\n\t\t\t\t\t\t\t\t<a class=\"cff-share-link\" href=\"https:\/\/www.facebook.com\/sharer\/sharer.php?u=https%3A%2F%2Fwww.facebook.com%2F135868195215912%2Fposts%2F1556861409783243\" title=\"Share\" >Share<\/a>\n\t\t\t\t<p class=\"cff-share-tooltip\">\n\t\t\t\t\t\t\t\t\t\t\t<a href=\"https:\/\/www.facebook.com\/sharer\/sharer.php?u=https%3A%2F%2Fwww.facebook.com%2F135868195215912%2Fposts%2F1556861409783243\" target=\"_blank\" rel=\"noopener noreferrer\" class=\"cff-facebook-icon\">\n\t\t\t\t\t\t\t<span class=\"fa fab fa-facebook-square\" aria-hidden=\"true\"><\/span>\n\t\t\t\t\t\t\t<span class=\"cff-screenreader\">Auf Facebook teilen<\/span>\n\t\t\t\t\t\t<\/a>\n\t\t\t\t\t\t\t\t\t\t\t<a href=\"https:\/\/twitter.com\/intent\/tweet?text=https%3A%2F%2Fwww.facebook.com%2F135868195215912%2Fposts%2F1556861409783243\" target=\"_blank\" rel=\"noopener noreferrer\" class=\"cff-twitter-icon\">\n\t\t\t\t\t\t\t<span class=\"fa fab fa-twitter\" aria-hidden=\"true\"><\/span>\n\t\t\t\t\t\t\t<span class=\"cff-screenreader\">Auf Twitter teilen<\/span>\n\t\t\t\t\t\t<\/a>\n\t\t\t\t\t\t\t\t\t\t\t<a href=\"https:\/\/www.linkedin.com\/shareArticle?mini=true&#038;url=https%3A%2F%2Fwww.facebook.com%2F135868195215912%2Fposts%2F1556861409783243&#038;title=%09%09%09Jetzt%20im%20Fr%C3%BChling%20ist%20der%20ideale%20Zeitpunkt%20um%20eine%20Hecke%20zu%20pflanzen%21%20%F0%9F%8C%B1%F0%9F%AA%93Produziert%20bei%20uns%20in%20der%20Baumschule%21Eiben%2C%20Smaragd-%20und%20Heckenthujen%2C%20Hainbuchen%2C%20...%20in%20verschiedenen%20Gr%C3%B6%C3%9Fen%20zu%20tollen%20Aktionspreisen%20bei%20uns%20erh%C3%A4ltlich.%20%20Infos%20unter%2002843%2F2387%09%09%09%09\" target=\"_blank\" rel=\"noopener noreferrer\" class=\"cff-linkedin-icon\">\n\t\t\t\t\t\t\t<span class=\"fa fab fa-linkedin\" aria-hidden=\"true\"><\/span>\n\t\t\t\t\t\t\t<span class=\"cff-screenreader\">Auf LinkedIn teilen<\/span>\n\t\t\t\t\t\t<\/a>\n\t\t\t\t\t\t\t\t\t\t\t<a href=\"mailto:?subject=Facebook&#038;body=https%3A%2F%2Fwww.facebook.com%2F135868195215912%2Fposts%2F1556861409783243%20-%20%0A%0A%09%0A%09%09Jetzt%20im%20Fr%C3%BChling%20ist%20der%20ideale%20Zeitpunkt%20um%20eine%20Hecke%20zu%20pflanzen%21%20%F0%9F%8C%B1%F0%9F%AA%93Produziert%20bei%20uns%20in%20der%20Baumschule%21Eiben%2C%20Smaragd-%20und%20Heckenthujen%2C%20Hainbuchen%2C%20...%20in%20verschiedenen%20Gr%C3%B6%C3%9Fen%20zu%20tollen%20Aktionspreisen%20bei%20uns%20erh%C3%A4ltlich.%20%20Infos%20unter%2002843%2F2387%09%09%09%0A%09\" target=\"_blank\" rel=\"noopener noreferrer\" class=\"cff-email-icon\">\n\t\t\t\t\t\t\t<span class=\"fa fab fa-envelope\" aria-hidden=\"true\"><\/span>\n\t\t\t\t\t\t\t<span class=\"cff-screenreader\">Per E-Mail teilen<\/span>\n\t\t\t\t\t\t<\/a>\n\t\t\t\t\t\t\t\t\t<\/p>\n\t\t\t<\/div>\n\t\t\t<\/div>\n\t<\/div>\n\n\n\n<div id=\"cff_301294526568551_1553284793474238\" class=\"cff-item cff-photo-post author-waldviertler-baumschule-bauer\" >\n\t<div class=\"cff-author\">\n\t<div class=\"cff-author-text\">\n\t\t\t\t\t<div class=\"cff-page-name cff-author-date\" >\n\t\t\t\t<a href=\"https:\/\/facebook.com\/301294526568551\" target=\"_blank\" rel=\"nofollow noopener\" >Waldviertler Baumschule Bauer<\/a>\n\t\t\t\t<span class=\"cff-story\"> <\/span>\n\t\t\t<\/div>\n\t\t\t\n<p class=\"cff-date\" > 2 weeks ago <\/p>\n\t\t\t<\/div>\n\t<div class=\"cff-author-img \" data-avatar=\"https:\/\/scontent-fra5-1.xx.fbcdn.net\/v\/t39.30808-1\/461928334_8733168650047721_693744151811591105_n.jpg?stp=c256.0.1536.1536a_cp0_dst-jpg_s50x50_tt6&#038;_nc_cat=100&#038;ccb=1-7&#038;_nc_sid=f907e8&#038;_nc_ohc=i1_NSganJ2gQ7kNvwFu1qzj&#038;_nc_oc=AdpEk6a9dAk_kn-2gFaA6PWlQtYwm7DfbrdVvAyfTJ1PdUYttWTU25B_yD8gwsoJsNI&#038;_nc_zt=24&#038;_nc_ht=scontent-fra5-1.xx&#038;edm=AKIiGfEEAAAA&#038;_nc_gid=tCm55cOO_LdKbJV8oI3njg&#038;_nc_tpa=Q5bMBQGpX8KgVt4ZDtSRQgbEiSnf7pOnGP0x3wznjRNXNC3jfOzUx4-0p97Au5HM2HfsYU2nXD_RAsEWHw&#038;oh=00_Af1wTNhkEYIQjsJ9j2wOG6kUoOyP-aF5vj0SaWucld8QTg&#038;oe=69E7DA82\">\n\t\t<a href=\"https:\/\/facebook.com\/301294526568551\" target=\"_blank\" rel=\"nofollow noopener\" ><img decoding=\"async\" src=\"https:\/\/scontent-fra5-1.xx.fbcdn.net\/v\/t39.30808-1\/461928334_8733168650047721_693744151811591105_n.jpg?stp=c256.0.1536.1536a_cp0_dst-jpg_s50x50_tt6&#038;_nc_cat=100&#038;ccb=1-7&#038;_nc_sid=f907e8&#038;_nc_ohc=i1_NSganJ2gQ7kNvwFu1qzj&#038;_nc_oc=AdpEk6a9dAk_kn-2gFaA6PWlQtYwm7DfbrdVvAyfTJ1PdUYttWTU25B_yD8gwsoJsNI&#038;_nc_zt=24&#038;_nc_ht=scontent-fra5-1.xx&#038;edm=AKIiGfEEAAAA&#038;_nc_gid=tCm55cOO_LdKbJV8oI3njg&#038;_nc_tpa=Q5bMBQGpX8KgVt4ZDtSRQgbEiSnf7pOnGP0x3wznjRNXNC3jfOzUx4-0p97Au5HM2HfsYU2nXD_RAsEWHw&#038;oh=00_Af1wTNhkEYIQjsJ9j2wOG6kUoOyP-aF5vj0SaWucld8QTg&#038;oe=69E7DA82\" title=\"Waldviertler Baumschule Bauer\" alt=\"Waldviertler Baumschule Bauer\" width=40 height=40 onerror=\"this.style.display='none'\"><\/a>\n\t<\/div>\n<\/div>\n\n<div class=\"cff-post-text\" >\n\t<span class=\"cff-text\" data-color=\"\">\n\t\tWir sind heute von 8.00 bis 15.00 Uhr f\u00fcr euch da! \ud83d\udc23\ud83c\udf32\ud83c\udf38\ud83c\udf33\ud83d\udc07\t\t\t<\/span>\n\t<span class=\"cff-expand\">... <a href=\"#\" style=\"color: #\"><span class=\"cff-more\">See More<\/span><span class=\"cff-less\">See Less<\/span><\/a><\/span>\n\n<\/div>\n\n<p class=\"cff-media-link\">\n\t<a href=\"https:\/\/www.facebook.com\/photo.php?fbid=1553284746807576&#038;set=a.128768472592551&#038;type=3\" target=\"_blank\" style=\"color: #\">\n\t\t<span style=\"padding-right: 5px;\" class=\"fa fas fa-picture-o fa-image\"><\/span>Photo\t<\/a>\n<\/p>\n\t<div class=\"cff-post-links\">\n\t\t\t\t\t<a class=\"cff-viewpost-facebook\" href=\"https:\/\/www.facebook.com\/photo.php?fbid=1553284746807576&#038;set=a.128768472592551&#038;type=3\" title=\"View on Facebook\" target=\"_blank\" rel=\"nofollow noopener\" >View on Facebook<\/a>\n\t\t\t\t\t\t\t<div class=\"cff-share-container\">\n\t\t\t\t\t\t\t\t\t<span class=\"cff-dot\" >&middot;<\/span>\n\t\t\t\t\t\t\t\t<a class=\"cff-share-link\" href=\"https:\/\/www.facebook.com\/sharer\/sharer.php?u=https%3A%2F%2Fwww.facebook.com%2Fphoto.php%3Ffbid%3D1553284746807576%26amp%3Bset%3Da.128768472592551%26amp%3Btype%3D3\" title=\"Share\" >Share<\/a>\n\t\t\t\t<p class=\"cff-share-tooltip\">\n\t\t\t\t\t\t\t\t\t\t\t<a href=\"https:\/\/www.facebook.com\/sharer\/sharer.php?u=https%3A%2F%2Fwww.facebook.com%2Fphoto.php%3Ffbid%3D1553284746807576%26amp%3Bset%3Da.128768472592551%26amp%3Btype%3D3\" target=\"_blank\" rel=\"noopener noreferrer\" class=\"cff-facebook-icon\">\n\t\t\t\t\t\t\t<span class=\"fa fab fa-facebook-square\" aria-hidden=\"true\"><\/span>\n\t\t\t\t\t\t\t<span class=\"cff-screenreader\">Auf Facebook teilen<\/span>\n\t\t\t\t\t\t<\/a>\n\t\t\t\t\t\t\t\t\t\t\t<a href=\"https:\/\/twitter.com\/intent\/tweet?text=https%3A%2F%2Fwww.facebook.com%2Fphoto.php%3Ffbid%3D1553284746807576%26amp%3Bset%3Da.128768472592551%26amp%3Btype%3D3\" target=\"_blank\" rel=\"noopener noreferrer\" class=\"cff-twitter-icon\">\n\t\t\t\t\t\t\t<span class=\"fa fab fa-twitter\" aria-hidden=\"true\"><\/span>\n\t\t\t\t\t\t\t<span class=\"cff-screenreader\">Auf Twitter teilen<\/span>\n\t\t\t\t\t\t<\/a>\n\t\t\t\t\t\t\t\t\t\t\t<a href=\"https:\/\/www.linkedin.com\/shareArticle?mini=true&#038;url=https%3A%2F%2Fwww.facebook.com%2Fphoto.php%3Ffbid%3D1553284746807576%26amp%3Bset%3Da.128768472592551%26amp%3Btype%3D3&#038;title=%09%09%09Wir%20sind%20heute%20von%208.00%20bis%2015.00%20Uhr%20f%C3%BCr%20euch%20da%21%20%F0%9F%90%A3%F0%9F%8C%B2%F0%9F%8C%B8%F0%9F%8C%B3%F0%9F%90%87%09%09%09%09\" target=\"_blank\" rel=\"noopener noreferrer\" class=\"cff-linkedin-icon\">\n\t\t\t\t\t\t\t<span class=\"fa fab fa-linkedin\" aria-hidden=\"true\"><\/span>\n\t\t\t\t\t\t\t<span class=\"cff-screenreader\">Auf LinkedIn teilen<\/span>\n\t\t\t\t\t\t<\/a>\n\t\t\t\t\t\t\t\t\t\t\t<a href=\"mailto:?subject=Facebook&#038;body=https%3A%2F%2Fwww.facebook.com%2Fphoto.php%3Ffbid%3D1553284746807576%26amp%3Bset%3Da.128768472592551%26amp%3Btype%3D3%20-%20%0A%0A%09%0A%09%09Wir%20sind%20heute%20von%208.00%20bis%2015.00%20Uhr%20f%C3%BCr%20euch%20da%21%20%F0%9F%90%A3%F0%9F%8C%B2%F0%9F%8C%B8%F0%9F%8C%B3%F0%9F%90%87%09%09%09%0A%09\" target=\"_blank\" rel=\"noopener noreferrer\" class=\"cff-email-icon\">\n\t\t\t\t\t\t\t<span class=\"fa fab fa-envelope\" aria-hidden=\"true\"><\/span>\n\t\t\t\t\t\t\t<span class=\"cff-screenreader\">Per E-Mail teilen<\/span>\n\t\t\t\t\t\t<\/a>\n\t\t\t\t\t\t\t\t\t<\/p>\n\t\t\t<\/div>\n\t\t\t<\/div>\n\t<\/div>\n\n\n\n\n<div class=\"cff-likebox cff-bottom\" >\n\t\t<iframe title=\"Likebox Iframe\" src=\"\" class=\"fb_iframe_widget\" data-likebox-id=\"301294526568551\" data-likebox-width=\"300\" data-likebox-header=\"\" data-hide-cover=\"\" data-hide-cta=\"\" data-likebox-faces=\"\" data-height=\"130\" data-locale=\"de_DE\" scrolling=\"no\" allowTransparency=\"true\" allow=\"encrypted-media\" ><\/iframe>\n<\/div>\n<\/div><input class=\"cff-pag-url\" type=\"hidden\" data-locatornonce=\"e40873a96c\" data-cff-shortcode=\"\" data-post-id=\"84\" data-feed-id=\"301294526568551\"><\/div><\/div><div class=\"cff-clear\"><\/div><\/div>\n","protected":false},"excerpt":{"rendered":"","protected":false},"author":1,"featured_media":0,"parent":0,"menu_order":0,"comment_status":"closed","ping_status":"closed","template":"","meta":{"ngg_post_thumbnail":0,"footnotes":""},"class_list":["post-84","page","type-page","status-publish","hentry"],"_links":{"self":[{"href":"https:\/\/gartenbauer.baumschule-bauer.at\/index.php?rest_route=\/wp\/v2\/pages\/84","targetHints":{"allow":["GET"]}}],"collection":[{"href":"https:\/\/gartenbauer.baumschule-bauer.at\/index.php?rest_route=\/wp\/v2\/pages"}],"about":[{"href":"https:\/\/gartenbauer.baumschule-bauer.at\/index.php?rest_route=\/wp\/v2\/types\/page"}],"author":[{"embeddable":true,"href":"https:\/\/gartenbauer.baumschule-bauer.at\/index.php?rest_route=\/wp\/v2\/users\/1"}],"replies":[{"embeddable":true,"href":"https:\/\/gartenbauer.baumschule-bauer.at\/index.php?rest_route=%2Fwp%2Fv2%2Fcomments&post=84"}],"version-history":[{"count":8,"href":"https:\/\/gartenbauer.baumschule-bauer.at\/index.php?rest_route=\/wp\/v2\/pages\/84\/revisions"}],"predecessor-version":[{"id":406,"href":"https:\/\/gartenbauer.baumschule-bauer.at\/index.php?rest_route=\/wp\/v2\/pages\/84\/revisions\/406"}],"wp:attachment":[{"href":"https:\/\/gartenbauer.baumschule-bauer.at\/index.php?rest_route=%2Fwp%2Fv2%2Fmedia&parent=84"}],"curies":[{"name":"wp","href":"https:\/\/api.w.org\/{rel}","templated":true}]}}